{"id":1002,"date":"2023-08-11T09:50:22","date_gmt":"2023-08-11T07:50:22","guid":{"rendered":"https:\/\/franklin-nanclares.net\/?page_id=1002"},"modified":"2025-08-28T11:23:24","modified_gmt":"2025-08-28T09:23:24","slug":"experiencia-logistica-almacen","status":"publish","type":"page","link":"https:\/\/franklin-nanclares.net\/index.php\/experiencia-logistica-almacen\/","title":{"rendered":"Experiencia Log\u00edstica &#038; Almac\u00e9n"},"content":{"rendered":"<div class=\"wp-block-image\">\n<figure class=\"aligncenter size-full is-resized\"><a href=\"https:\/\/franklin-nanclares.net\/index.php\/espanol\/curriculum-espanol\/franklin-nanclares\/\"><img loading=\"lazy\" decoding=\"async\" width=\"518\" height=\"30\" src=\"https:\/\/franklin-nanclares.net\/wp-content\/uploads\/2018\/10\/franklin.nanclares.png\" alt=\"\" class=\"wp-image-138\" style=\"width:525px;height:auto\" srcset=\"https:\/\/franklin-nanclares.net\/wp-content\/uploads\/2018\/10\/franklin.nanclares.png 518w, https:\/\/franklin-nanclares.net\/wp-content\/uploads\/2018\/10\/franklin.nanclares-300x17.png 300w\" sizes=\"auto, (max-width: 518px) 100vw, 518px\" \/><\/a><\/figure>\n<\/div>\n\n\n<h2 class=\"wp-block-heading has-text-align-center\"><strong>Administrador de Materiales &amp; Log\u00edstica<\/strong><\/h2>\n\n\n\n<h2 class=\"wp-block-heading has-text-align-center\"><strong>EXPERIENCIA EN RESUMEN<\/strong><\/h2>\n\n\n<div class=\"wp-block-image\">\n<figure class=\"alignleft is-resized\"><a href=\"https:\/\/franklin-nanclares.net\/index.php\/home\/curriculum-english\/fotocarnetcreativa\/\"><img loading=\"lazy\" decoding=\"async\" width=\"417\" height=\"657\" src=\"https:\/\/franklin-nanclares.net\/wp-content\/uploads\/2018\/11\/FotoCarnetCreativa.jpg\" alt=\"Franklin A. Nanclares\" class=\"wp-image-229\" style=\"width:125px;height:auto\" srcset=\"https:\/\/franklin-nanclares.net\/wp-content\/uploads\/2018\/11\/FotoCarnetCreativa.jpg 417w, https:\/\/franklin-nanclares.net\/wp-content\/uploads\/2018\/11\/FotoCarnetCreativa-190x300.jpg 190w\" sizes=\"auto, (max-width: 417px) 100vw, 417px\" \/><\/a><\/figure>\n<\/div>\n\n\n<p> El desarrollo de funciones y procedimientos en control de materiales, la utilizaci\u00f3n de equipos Inform\u00e1ticos, control de producci\u00f3n, control de inventario, distribuci\u00f3n, &nbsp;log\u00edstica, utilizaci\u00f3n de sistemas bases de datos y programas inform\u00e1ticos en diferentes \u00e1reas y m\u00e9todos. Certificaciones en Total Quality Management, Problem Solving Business Certified, Formal Business System Management,  ISO 9001,  MRP, MRB, Class \u201cA\u201d MRP2 &amp;  <a href=\"https:\/\/franklin-nanclares.net\/wp-content\/uploads\/2024\/01\/Project-Management-Certificiones-Internacionales-scaled.jpg\" target=\"_blank\" rel=\"noreferrer noopener\">Gestion de Projectos Internacionales<\/a>.<\/p>\n\n\n\n<p><a href=\"https:\/\/franklin-nanclares.net\/index.php\/espanol\/certificaciones-reconocimientos\/\">Click Aqui<strong> <\/strong><\/a>&nbsp;para ver otras acreditaciones. <a href=\"https:\/\/franklin-nanclares.net\/wp-content\/uploads\/2025\/04\/CV-Gerente-Almacen.pdf\">Click Aqui &gt;Descargar C.V<\/a>&lt;<\/p>\n\n\n\n<p>Biling\u00fce: Ingl\u00e9s &amp; Espa\u00f1ol fluido, con un largo recorrido en trabajos Internacionales, con habilidad para trabajar solo o formar &nbsp;parte de un equipo.<\/p>\n\n\n\n<p class=\"has-text-align-center\"><strong>OBJETIVO<\/strong><\/p>\n\n\n\n<p>Emplear los conocimientos de Log\u00edstica, inform\u00e1tica, administraci\u00f3n, y Control de Inventario. Proveer y adquirir nuevos conocimientos, busco futuro con superaci\u00f3n y reto profesional.&nbsp; &nbsp;<\/p>\n\n\n\n<p class=\"has-text-align-center\"><strong>EXPERIENCIA<\/strong><\/p>\n\n\n\n<h3 class=\"wp-block-heading\"><strong>Comet USA LLC,\u00a0 Minnesota, Estados Unidos<\/strong><\/h3>\n\n\n\n<ul class=\"wp-block-list\">\n<li>Direcci\u00f3n y administraci\u00f3n de todo el inventario de la empresa en diferentes almacenes.<\/li>\n\n\n\n<li>&nbsp;Planeaci\u00f3n de agenda, compras, control de stocks, recibimientos y env\u00edos nacionales e<\/li>\n\n\n\n<li>internacionales.<\/li>\n\n\n\n<li>Mantenimiento de todo el inventario en sistemas inform\u00e1ticos.<\/li>\n\n\n\n<li>Control y Organizaci\u00f3n de toda la documentaci\u00f3n correspondiente.<\/li>\n\n\n\n<li>Responsable de las funciones, y desempe\u00f1o de 6 empleados<\/li>\n\n\n\n<li>Mantenimiento y Organizaci\u00f3n de los Almacenes<\/li>\n<\/ul>\n\n\n\n<p><strong>**Todas las operaciones anteriores incluyen espec\u00edficamente:<\/strong><\/p>\n\n\n\n<ul class=\"wp-block-list\">\n<li>Administraci\u00f3n de \u00f3rdenes de compra, control de env\u00edos, preparaci\u00f3n, y elaboraci\u00f3n<\/li>\n\n\n\n<li>&nbsp;&nbsp; de materiales.<\/li>\n\n\n\n<li>Descarga de camiones, recibimientos, almacenamiento de productos.<\/li>\n\n\n\n<li>Implementaci\u00f3n de c\u00f3digos de barras, ciclo de cuentas, y ajustes de inventario.<\/li>\n\n\n\n<li>Procedimientos de env\u00edos con su respectiva informaci\u00f3n, facturaci\u00f3n y documentaci\u00f3n.<\/li>\n\n\n\n<li>Comunicaci\u00f3n diaria con vendedores y gerentes de otros departamentos para &nbsp;Coordinaci\u00f3n y entrega de productos.<\/li>\n\n\n\n<li>Supervisar, entrenar, motivar, a los empleados para un desarrollo de procedimientos y tareas<\/li>\n\n\n\n<li><\/li>\n<\/ul>\n\n\n\n<h3 class=\"wp-block-heading\"><strong>Mamac Systems, Minnesota, Estados Unidos<\/strong>\u00a0\u00a0\u00a0\u00a0\u00a0\u00a0\u00a0\u00a0\u00a0\u00a0<\/h3>\n\n\n\n<p><strong>Planeador \/Agenda<\/strong><\/p>\n\n\n\n<ul class=\"wp-block-list\">\n<li>Planificaci\u00f3n de materiales acordando con fechas de producci\u00f3n y demandas del cliente.<\/li>\n\n\n\n<li>Expedici\u00f3n de materiales.<\/li>\n\n\n\n<li>Asegurarse de que todos los materiales estuviesen en planta de producci\u00f3n para cada producto.<\/li>\n<\/ul>\n\n\n\n<p><strong>Comprador \/ Negociador<\/strong><\/p>\n\n\n\n<ul class=\"wp-block-list\">\n<li>Negociar con m\u00e1s de 100 vendedores.<\/li>\n\n\n\n<li>Control total de facturas en sistemas de ordenador.<\/li>\n\n\n\n<li>Evaluaci\u00f3n al desempe\u00f1o y respuesta de vendedores, basado en el punto m\u00e1s alto de productos, servicios y cumplimiento a demanda de materiales. (Precios competitivos, env\u00edos, rapidez en la obtenci\u00f3n y env\u00edos de productos, etc.)<\/li>\n\n\n\n<li>Seguimiento en el estado de Pedidos, v\u00eda fax, llamadas, confirmaciones y correo electr\u00f3nico.<\/li>\n<\/ul>\n\n\n\n<p><strong>Control de Producci\u00f3n e Inventario<\/strong><\/p>\n\n\n\n<ul class=\"wp-block-list\">\n<li>Ajustes, recibos, y devoluci\u00f3n de Productos.<\/li>\n\n\n\n<li>Cuenta f\u00edsica de inventario, y cuentas de ciclo regularmente.<\/li>\n\n\n\n<li>Proveer reportes e informar sobre la agenda y disponibilidad de productos a otros departamentos.<\/li>\n\n\n\n<li>Entrega de inventario a producci\u00f3n y otras \u00e1reas.<\/li>\n<\/ul>\n\n\n\n<h3 class=\"wp-block-heading\"><strong>Progressive Beauty Enterprises, Minnesota, Estados Unidos<\/strong><\/h3>\n\n\n\n<p><strong>Coordinador de Inventario<\/strong><\/p>\n\n\n\n<ul class=\"wp-block-list\">\n<li>Control de pedidos, compras, recibos, distribuci\u00f3n y control de inventario de 10 diferentes almacenes.<\/li>\n\n\n\n<li>Implementaci\u00f3n de procedimientos en toda empresa como reglamento para el control de inventario en todos sus almacenes<\/li>\n\n\n\n<li>Control de Inventario por sistemas inform\u00e1ticos,&nbsp;radio frecuencia, an\u00e1lisis de venta, Ciclos de Cuenta y Contables.<\/li>\n\n\n\n<li>Supervisi\u00f3n, y comunicaci\u00f3n con encargados y trabajadores a seguir procedimientos, comunicaci\u00f3n acerca de (Backorders). Pedidos en tr\u00e1mite de los diferentes vendedores, total de gastos por pedidos y servicios por almac\u00e9n.<\/li>\n\n\n\n<li><\/li>\n\n\n\n<li>Coordinar distribuci\u00f3n y log\u00edstica<\/li>\n\n\n\n<li>Entra de datos, ajustes de stock, pedidos, y reportes de proceso diarios.<\/li>\n\n\n\n<li>Implementar nuevas maneras de mejorar las diferentes \u00e1reas de trabajo.<\/li>\n<\/ul>\n\n\n\n<p><strong>EXPERIENCIA TECNICA EN CONTROL DE STOCK<\/strong><\/p>\n\n\n\n<ul class=\"wp-block-list\">\n<li>FACTS<\/li>\n\n\n\n<li>Dynamics<\/li>\n\n\n\n<li>Avalon<\/li>\n\n\n\n<li>Peachtree<\/li>\n\n\n\n<li>Counter Point<\/li>\n\n\n\n<li>Vista<\/li>\n\n\n\n<li>Eltron &amp; Wasp<\/li>\n\n\n\n<li>Zebra (Codigos de Barra e Impresoras)<\/li>\n<\/ul>\n\n\n\n<p><\/p>\n","protected":false},"excerpt":{"rendered":"<p>Administrador de Materiales &amp; Log\u00edstica EXPERIENCIA EN RESUMEN El desarrollo de funciones y procedimientos en control de materiales, la utilizaci\u00f3n de equipos Inform\u00e1ticos, control de producci\u00f3n, control de inventario, distribuci\u00f3n, &nbsp;log\u00edstica, utilizaci\u00f3n de sistemas bases de datos y programas inform\u00e1ticos en diferentes \u00e1reas y m\u00e9todos. Certificaciones en Total Quality Management, Problem Solving Business Certified, Formal &hellip; <\/p>\n<p class=\"link-more\"><a href=\"https:\/\/franklin-nanclares.net\/index.php\/experiencia-logistica-almacen\/\" class=\"more-link\">Continuar leyendo<span class=\"screen-reader-text\"> \u00abExperiencia Log\u00edstica &#038; Almac\u00e9n\u00bb<\/span><\/a><\/p>\n","protected":false},"author":1,"featured_media":0,"parent":0,"menu_order":0,"comment_status":"closed","ping_status":"closed","template":"","meta":{"footnotes":""},"class_list":["post-1002","page","type-page","status-publish","hentry"],"_links":{"self":[{"href":"https:\/\/franklin-nanclares.net\/index.php\/wp-json\/wp\/v2\/pages\/1002","targetHints":{"allow":["GET"]}}],"collection":[{"href":"https:\/\/franklin-nanclares.net\/index.php\/wp-json\/wp\/v2\/pages"}],"about":[{"href":"https:\/\/franklin-nanclares.net\/index.php\/wp-json\/wp\/v2\/types\/page"}],"author":[{"embeddable":true,"href":"https:\/\/franklin-nanclares.net\/index.php\/wp-json\/wp\/v2\/users\/1"}],"replies":[{"embeddable":true,"href":"https:\/\/franklin-nanclares.net\/index.php\/wp-json\/wp\/v2\/comments?post=1002"}],"version-history":[{"count":10,"href":"https:\/\/franklin-nanclares.net\/index.php\/wp-json\/wp\/v2\/pages\/1002\/revisions"}],"predecessor-version":[{"id":1567,"href":"https:\/\/franklin-nanclares.net\/index.php\/wp-json\/wp\/v2\/pages\/1002\/revisions\/1567"}],"wp:attachment":[{"href":"https:\/\/franklin-nanclares.net\/index.php\/wp-json\/wp\/v2\/media?parent=1002"}],"curies":[{"name":"wp","href":"https:\/\/api.w.org\/{rel}","templated":true}]}}