{"id":1436,"date":"2025-05-09T10:48:53","date_gmt":"2025-05-09T08:48:53","guid":{"rendered":"https:\/\/franklin-nanclares.net\/?page_id=1436"},"modified":"2025-05-09T10:54:03","modified_gmt":"2025-05-09T08:54:03","slug":"sap-functional-modules","status":"publish","type":"page","link":"https:\/\/franklin-nanclares.net\/index.php\/sap-functional-modules\/","title":{"rendered":"SAP Functional Modules"},"content":{"rendered":"\n<div class=\"wp-block-columns is-layout-flex wp-container-core-columns-is-layout-9d6595d7 wp-block-columns-is-layout-flex\">\n<div class=\"wp-block-column is-layout-flow wp-block-column-is-layout-flow\">\n<h3 class=\"wp-block-heading\"><strong>1. Finance (FI &#8211; Financial Accounting)<\/strong><\/h3>\n\n\n\n<ul class=\"wp-block-list\">\n<li>General ledger and subsidiary accounting.<\/li>\n\n\n\n<li>Accounts payable and receivable.<\/li>\n\n\n\n<li>Bank reconciliation.<\/li>\n\n\n\n<li>Financial closing and reporting.<\/li>\n\n\n\n<li>Tax and regulatory compliance.<\/li>\n<\/ul>\n\n\n\n<h3 class=\"wp-block-heading\"><strong>2. Controlling (CO &#8211; Controlling)<\/strong><\/h3>\n\n\n\n<ul class=\"wp-block-list\">\n<li>Cost and profitability analysis.<\/li>\n\n\n\n<li>Budget planning and control.<\/li>\n\n\n\n<li>Margin analysis and cost center accounting.<\/li>\n\n\n\n<li>Advanced financial reporting.<\/li>\n<\/ul>\n\n\n\n<h3 class=\"wp-block-heading\"><strong>3. Sales and Distribution (SD &#8211; Sales and Distribution)<\/strong><\/h3>\n\n\n\n<ul class=\"wp-block-list\">\n<li>Sales order management.<\/li>\n\n\n\n<li>Billing and shipping.<\/li>\n\n\n\n<li>Pricing, discounts, and promotions.<\/li>\n\n\n\n<li>Customer and contract management.<\/li>\n<\/ul>\n\n\n\n<h3 class=\"wp-block-heading\"><strong>4. Procurement (MM &#8211; Materials Management)<\/strong><\/h3>\n\n\n\n<ul class=\"wp-block-list\">\n<li>Purchasing and vendor management.<\/li>\n\n\n\n<li>Inventory and warehouse management.<\/li>\n\n\n\n<li>Supplier evaluation.<\/li>\n\n\n\n<li>Procurement processes.<\/li>\n<\/ul>\n\n\n\n<h3 class=\"wp-block-heading\"><strong>5. Production Planning (PP &#8211; Production Planning)<\/strong><\/h3>\n\n\n\n<ul class=\"wp-block-list\">\n<li>Production scheduling.<\/li>\n\n\n\n<li>Work order management.<\/li>\n\n\n\n<li>Manufacturing process control.<\/li>\n\n\n\n<li>Integration with maintenance (PM) and quality (QM).<\/li>\n<\/ul>\n\n\n\n<h3 class=\"wp-block-heading\"><strong>6. Materials Management (MM &#8211; Materials Management)<\/strong><\/h3>\n\n\n\n<ul class=\"wp-block-list\">\n<li>Stock and warehouse control.<\/li>\n\n\n\n<li>Inventory valuation.<\/li>\n\n\n\n<li>Goods movement tracking.<\/li>\n<\/ul>\n\n\n\n<h3 class=\"wp-block-heading\"><strong>7. Plant Maintenance (PM &#8211; Plant Maintenance)<\/strong><\/h3>\n\n\n\n<ul class=\"wp-block-list\">\n<li>Corrective and preventive maintenance.<\/li>\n\n\n\n<li>Equipment and facility management.<\/li>\n\n\n\n<li>Maintenance order planning.<\/li>\n<\/ul>\n\n\n\n<h3 class=\"wp-block-heading\"><strong>8. Quality Management (QM &#8211; Quality Management)<\/strong><\/h3>\n\n\n\n<ul class=\"wp-block-list\">\n<li>Quality control in procurement and production.<\/li>\n\n\n\n<li>Inspections and certifications.<\/li>\n\n\n\n<li>Non-conformance management.<\/li>\n<\/ul>\n\n\n\n<h3 class=\"wp-block-heading\"><strong>9. Human Capital Management (HCM &#8211; Human Capital Management)<\/strong><\/h3>\n\n\n\n<ul class=\"wp-block-list\">\n<li>Payroll and personnel administration.<\/li>\n\n\n\n<li>Recruitment and talent management.<\/li>\n\n\n\n<li>Time and attendance tracking.<\/li>\n\n\n\n<li>Training and development (SAP Learning Solution).<\/li>\n<\/ul>\n\n\n\n<h3 class=\"wp-block-heading\"><strong>10. Supply Chain Management (SCM &#8211; Supply Chain Management)<\/strong><\/h3>\n\n\n\n<ul class=\"wp-block-list\">\n<li>End-to-end supply chain management.<\/li>\n\n\n\n<li>Demand and supply planning.<\/li>\n\n\n\n<li>Integrated logistics.<\/li>\n<\/ul>\n\n\n\n<h3 class=\"wp-block-heading\"><strong>11. Customer Relationship Management (CRM)<\/strong><\/h3>\n\n\n\n<ul class=\"wp-block-list\">\n<li>Sales and customer service management.<\/li>\n\n\n\n<li>Marketing automation.<\/li>\n\n\n\n<li>Omnichannel customer engagement.<\/li>\n<\/ul>\n\n\n\n<h3 class=\"wp-block-heading\"><strong>12. Business Intelligence (BI \/ BW)<\/strong><\/h3>\n\n\n\n<ul class=\"wp-block-list\">\n<li>Reporting and dashboards.<\/li>\n\n\n\n<li>Business data analytics.<\/li>\n\n\n\n<li>Integration with SAP Analytics Cloud.<\/li>\n<\/ul>\n\n\n\n<h3 class=\"wp-block-heading\"><strong>13. Project System (PS &#8211; Project System)<\/strong><\/h3>\n\n\n\n<ul class=\"wp-block-list\">\n<li>Project planning and tracking.<\/li>\n\n\n\n<li>Cost and resource management.<\/li>\n\n\n\n<li>Integration with finance and logistics.<\/li>\n<\/ul>\n\n\n\n<h3 class=\"wp-block-heading\"><strong>14. Sustainability &amp; EHS (Environment, Health &amp; Safety)<\/strong><\/h3>\n\n\n\n<ul class=\"wp-block-list\">\n<li>Environmental compliance.<\/li>\n\n\n\n<li>Occupational health and safety.<\/li>\n\n\n\n<li>Risk management.<\/li>\n<\/ul>\n\n\n\n<h3 class=\"wp-block-heading\"><strong>15. Industry-Specific Solutions (IS &#8211; Industry Solutions)<\/strong><\/h3>\n\n\n\n<ul class=\"wp-block-list\">\n<li>SAP offers tailored modules for industries such as:\n<ul class=\"wp-block-list\">\n<li>Retail (SAP for Retail).<\/li>\n\n\n\n<li>Automotive.<\/li>\n\n\n\n<li>Pharmaceuticals.<\/li>\n\n\n\n<li>Oil &amp; Gas, Utilities, and more.<\/li>\n<\/ul>\n<\/li>\n<\/ul>\n\n\n\n<h3 class=\"wp-block-heading\"><strong>Conclusion<\/strong><\/h3>\n\n\n\n<p>SAP covers&nbsp;<strong>nearly all business functions<\/strong>, enabling integrated, real-time management. Its management. Its modular structure allows companies to implement only the necessary components based on their industry and needs.<\/p>\n<\/div>\n\n\n\n<div class=\"wp-block-column is-layout-flow wp-block-column-is-layout-flow\">\n<h3 class=\"wp-block-heading\"><strong>1. Finanzas (FI &#8211; Financial Accounting)<\/strong><\/h3>\n\n\n\n<ul class=\"wp-block-list\">\n<li>Contabilidad general y anal\u00edtica.<\/li>\n\n\n\n<li>Gesti\u00f3n de cuentas por pagar y por cobrar.<\/li>\n\n\n\n<li>Conciliaci\u00f3n bancaria.<\/li>\n\n\n\n<li>Cierre financiero y reportes contables.<\/li>\n\n\n\n<li>Cumplimiento fiscal y normativo.<\/li>\n<\/ul>\n\n\n\n<h3 class=\"wp-block-heading\"><strong>2. Controlling (CO &#8211; Controlling)<\/strong><\/h3>\n\n\n\n<ul class=\"wp-block-list\">\n<li>Costos y rentabilidad.<\/li>\n\n\n\n<li>Planificaci\u00f3n y control de presupuestos.<\/li>\n\n\n\n<li>An\u00e1lisis de m\u00e1rgenes y centros de costo.<\/li>\n\n\n\n<li>Reporting financiero avanzado.<\/li>\n<\/ul>\n\n\n\n<h3 class=\"wp-block-heading\"><strong>3. Ventas y Distribuci\u00f3n (SD &#8211; Sales and Distribution)<\/strong><\/h3>\n\n\n\n<ul class=\"wp-block-list\">\n<li>Gesti\u00f3n de pedidos de venta.<\/li>\n\n\n\n<li>Facturaci\u00f3n y entrega.<\/li>\n\n\n\n<li>Precios, descuentos y promociones.<\/li>\n\n\n\n<li>Gesti\u00f3n de clientes y contratos.<\/li>\n<\/ul>\n\n\n\n<h3 class=\"wp-block-heading\"><strong>4. Compras (MM &#8211; Materials Management)<\/strong><\/h3>\n\n\n\n<ul class=\"wp-block-list\">\n<li>Gesti\u00f3n de compras y proveedores.<\/li>\n\n\n\n<li>Gesti\u00f3n de inventarios y almacenes.<\/li>\n\n\n\n<li>Evaluaci\u00f3n de proveedores.<\/li>\n\n\n\n<li>Procesos de aprovisionamiento.<\/li>\n<\/ul>\n\n\n\n<h3 class=\"wp-block-heading\"><strong>5. Producci\u00f3n (PP &#8211; Production Planning)<\/strong><\/h3>\n\n\n\n<ul class=\"wp-block-list\">\n<li>Planificaci\u00f3n de la producci\u00f3n.<\/li>\n\n\n\n<li>Gesti\u00f3n de \u00f3rdenes de fabricaci\u00f3n.<\/li>\n\n\n\n<li>Control de procesos industriales.<\/li>\n\n\n\n<li>Integraci\u00f3n con mantenimiento (PM) y calidad (QM).<\/li>\n<\/ul>\n\n\n\n<h3 class=\"wp-block-heading\"><strong>6. Gesti\u00f3n de Materiales (MM &#8211; Materials Management)<\/strong><\/h3>\n\n\n\n<ul class=\"wp-block-list\">\n<li>Control de stocks y almacenes.<\/li>\n\n\n\n<li>Gesti\u00f3n de valuaci\u00f3n de inventarios.<\/li>\n\n\n\n<li>Movimientos de mercanc\u00edas.<\/li>\n<\/ul>\n\n\n\n<h3 class=\"wp-block-heading\"><strong>7. Mantenimiento de Planta (PM &#8211; Plant Maintenance)<\/strong><\/h3>\n\n\n\n<ul class=\"wp-block-list\">\n<li>Mantenimiento correctivo y preventivo.<\/li>\n\n\n\n<li>Gesti\u00f3n de equipos e instalaciones.<\/li>\n\n\n\n<li>Planificaci\u00f3n de \u00f3rdenes de mantenimiento.<\/li>\n<\/ul>\n\n\n\n<h3 class=\"wp-block-heading\"><strong>8. Gesti\u00f3n de Calidad (QM &#8211; Quality Management)<\/strong><\/h3>\n\n\n\n<ul class=\"wp-block-list\">\n<li>Control de calidad en compras y producci\u00f3n.<\/li>\n\n\n\n<li>Inspecciones y certificaciones.<\/li>\n\n\n\n<li>Gesti\u00f3n de no conformidades.<\/li>\n<\/ul>\n\n\n\n<h3 class=\"wp-block-heading\"><strong>9. Recursos Humanos (HCM &#8211; Human Capital Management)<\/strong><\/h3>\n\n\n\n<ul class=\"wp-block-list\">\n<li>N\u00f3minas y administraci\u00f3n de personal.<\/li>\n\n\n\n<li>Reclutamiento y selecci\u00f3n.<\/li>\n\n\n\n<li>Gesti\u00f3n de tiempos y ausencias.<\/li>\n\n\n\n<li>Desarrollo y capacitaci\u00f3n (Learning Solution).<\/li>\n<\/ul>\n\n\n\n<h3 class=\"wp-block-heading\"><strong>10. Planificaci\u00f3n Empresarial (SCM &#8211; Supply Chain Management)<\/strong><\/h3>\n\n\n\n<ul class=\"wp-block-list\">\n<li>Gesti\u00f3n de la cadena de suministro.<\/li>\n\n\n\n<li>Planificaci\u00f3n de demanda y abastecimiento.<\/li>\n\n\n\n<li>Log\u00edstica integrada.<\/li>\n<\/ul>\n\n\n\n<h3 class=\"wp-block-heading\"><strong>11. Customer Relationship Management (CRM)<\/strong><\/h3>\n\n\n\n<ul class=\"wp-block-list\">\n<li>Gesti\u00f3n de ventas y servicio al cliente.<\/li>\n\n\n\n<li>Marketing automation.<\/li>\n\n\n\n<li>Atenci\u00f3n omnicanal.<\/li>\n<\/ul>\n\n\n\n<h3 class=\"wp-block-heading\"><strong>12. Business Intelligence (BI \/ BW)<\/strong><\/h3>\n\n\n\n<ul class=\"wp-block-list\">\n<li>Reporting y cuadros de mando.<\/li>\n\n\n\n<li>An\u00e1lisis de datos empresariales.<\/li>\n\n\n\n<li>Integraci\u00f3n con herramientas como SAP Analytics Cloud.<\/li>\n<\/ul>\n\n\n\n<h3 class=\"wp-block-heading\"><strong>13. Gesti\u00f3n de Proyectos (PS &#8211; Project System)<\/strong><\/h3>\n\n\n\n<ul class=\"wp-block-list\">\n<li>Planificaci\u00f3n y control de proyectos.<\/li>\n\n\n\n<li>Gesti\u00f3n de costos y recursos.<\/li>\n\n\n\n<li>Integraci\u00f3n con contabilidad y log\u00edstica.<\/li>\n<\/ul>\n\n\n\n<h3 class=\"wp-block-heading\"><strong>14. Sostenibilidad y EHS (Environment, Health &amp; Safety)<\/strong><\/h3>\n\n\n\n<ul class=\"wp-block-list\">\n<li>Cumplimiento ambiental.<\/li>\n\n\n\n<li>Seguridad laboral.<\/li>\n\n\n\n<li>Gesti\u00f3n de riesgos.<\/li>\n<\/ul>\n\n\n\n<h3 class=\"wp-block-heading\"><strong>15. Soluciones Industry-Specific (IS)<\/strong><\/h3>\n\n\n\n<ul class=\"wp-block-list\">\n<li>SAP tiene m\u00f3dulos especializados para industrias como:\n<ul class=\"wp-block-list\">\n<li>Retail (SAP for Retail).<\/li>\n\n\n\n<li>Automotriz.<\/li>\n\n\n\n<li>Farmac\u00e9utica.<\/li>\n\n\n\n<li>Oil &amp; Gas, Utilities, etc.<\/li>\n<\/ul>\n<\/li>\n<\/ul>\n\n\n\n<h3 class=\"wp-block-heading\"><strong>Conclusi\u00f3n<\/strong><\/h3>\n\n\n\n<p>SAP cubre pr\u00e1cticamente\u00a0<strong>todas las \u00e1reas funcionales de una empresa<\/strong>, permitiendo una gesti\u00f3n integrada y en tiempo real. Su modularidad permite implementar solo los componentes necesarios seg\u00fan el giro del negocio.<\/p>\n\n\n\n<p><\/p>\n<\/div>\n<\/div>\n","protected":false},"excerpt":{"rendered":"<p>1. Finance (FI &#8211; Financial Accounting) 2. Controlling (CO &#8211; Controlling) 3. Sales and Distribution (SD &#8211; Sales and Distribution) 4. Procurement (MM &#8211; Materials Management) 5. Production Planning (PP &#8211; Production Planning) 6. Materials Management (MM &#8211; Materials Management) 7. Plant Maintenance (PM &#8211; Plant Maintenance) 8. Quality Management (QM &#8211; Quality Management) 9. &hellip; <\/p>\n<p class=\"link-more\"><a href=\"https:\/\/franklin-nanclares.net\/index.php\/sap-functional-modules\/\" class=\"more-link\">Continuar leyendo<span class=\"screen-reader-text\"> \u00abSAP Functional Modules\u00bb<\/span><\/a><\/p>\n","protected":false},"author":1,"featured_media":0,"parent":0,"menu_order":0,"comment_status":"closed","ping_status":"closed","template":"","meta":{"footnotes":""},"class_list":["post-1436","page","type-page","status-publish","hentry"],"_links":{"self":[{"href":"https:\/\/franklin-nanclares.net\/index.php\/wp-json\/wp\/v2\/pages\/1436","targetHints":{"allow":["GET"]}}],"collection":[{"href":"https:\/\/franklin-nanclares.net\/index.php\/wp-json\/wp\/v2\/pages"}],"about":[{"href":"https:\/\/franklin-nanclares.net\/index.php\/wp-json\/wp\/v2\/types\/page"}],"author":[{"embeddable":true,"href":"https:\/\/franklin-nanclares.net\/index.php\/wp-json\/wp\/v2\/users\/1"}],"replies":[{"embeddable":true,"href":"https:\/\/franklin-nanclares.net\/index.php\/wp-json\/wp\/v2\/comments?post=1436"}],"version-history":[{"count":3,"href":"https:\/\/franklin-nanclares.net\/index.php\/wp-json\/wp\/v2\/pages\/1436\/revisions"}],"predecessor-version":[{"id":1439,"href":"https:\/\/franklin-nanclares.net\/index.php\/wp-json\/wp\/v2\/pages\/1436\/revisions\/1439"}],"wp:attachment":[{"href":"https:\/\/franklin-nanclares.net\/index.php\/wp-json\/wp\/v2\/media?parent=1436"}],"curies":[{"name":"wp","href":"https:\/\/api.w.org\/{rel}","templated":true}]}}