{"id":1451,"date":"2025-05-21T21:52:34","date_gmt":"2025-05-21T19:52:34","guid":{"rendered":"https:\/\/franklin-nanclares.net\/?page_id=1451"},"modified":"2025-05-21T22:11:03","modified_gmt":"2025-05-21T20:11:03","slug":"revolucion-artificial-visionado-por-ordenador","status":"publish","type":"page","link":"https:\/\/franklin-nanclares.net\/index.php\/revolucion-artificial-visionado-por-ordenador\/","title":{"rendered":"Vision Artificial &#8211; Formaci\u00f3n en la revolucion IA."},"content":{"rendered":"\n<h1 class=\"wp-block-heading\">Revolucion-artificial-visionado-por-ordenador<\/h1>\n\n\n\n<figure class=\"wp-block-image size-full\"><img loading=\"lazy\" decoding=\"async\" width=\"471\" height=\"650\" src=\"https:\/\/franklin-nanclares.net\/wp-content\/uploads\/2025\/05\/Vision-Artificial.png\" alt=\"\" class=\"wp-image-1457\" srcset=\"https:\/\/franklin-nanclares.net\/wp-content\/uploads\/2025\/05\/Vision-Artificial.png 471w, https:\/\/franklin-nanclares.net\/wp-content\/uploads\/2025\/05\/Vision-Artificial-217x300.png 217w\" sizes=\"auto, (max-width: 471px) 100vw, 471px\" \/><\/figure>\n\n\n\n<p>El proyecto&nbsp;<strong>\u00abVisi\u00f3n artificial: de las im\u00e1genes a los datos\u00bb<\/strong>&nbsp;es pionero en el desarrollo del del aprendizaje al estar fundamentado en la metodolog\u00eda innovadora DLA (Departamentos laborales en el aula) y tiene como objetivo principal garantizar el acceso al mercado laboral del sector TIC a los colectivos en riesgo de exclusi\u00f3n social causado por diferentes aspectos.<\/p>\n\n\n\n<p>Este proyecto pretende ser un proyecto pionero en el desarrollo del aprendizaje, al estar fundamentado en una metodolog\u00eda innovadora que permita la asimilaci\u00f3n de contenidos por parte del alumnado desde la pr\u00e1ctica y la realidad laboral a la que se van a tener que enfrentar al finalizar la formaci\u00f3n y tambi\u00e9n durante su vida laboral. Se trata de una&nbsp;<strong>formaci\u00f3n muy innovadora en el campo TIC<\/strong>, de la que no existe formaci\u00f3n en el cat\u00e1logo de especialidades ni certificados de profesionalidad.<\/p>\n\n\n\n<h3 class=\"wp-block-heading\">\u00bfCu\u00e1les son los contenidos?<\/h3>\n\n\n\n<ul class=\"wp-block-list\">\n<li><strong>M\u00f3dulo I: Qu\u00e9 es la visi\u00f3n por ordenador y sus principales usos (45 horas)<\/strong>\n<ul class=\"wp-block-list\">\n<li>\u00bfQu\u00e9 es y c\u00f3mo funciona?<\/li>\n\n\n\n<li>Breve historia y evoluci\u00f3n.<\/li>\n\n\n\n<li>\u00bfC\u00f3mo se relaciona con la inteligencia artificial y procesamiento de im\u00e1genes?<\/li>\n\n\n\n<li>Aplicaciones en el d\u00eda a d\u00eda.<\/li>\n\n\n\n<li>Im\u00e1genes<strong>:<\/strong>&nbsp;conceptos clave como p\u00edxeles y canales de color (RGB).<\/li>\n\n\n\n<li>C\u00f3mo abordar los problemas de iluminaci\u00f3n, perspectiva, privacidad, cantidad de datos, <\/li>\n\n\n\n<li>Tecnolog\u00edas m\u00e1s habituales: TensorFlow y OpenCV.<\/li>\n<\/ul>\n<\/li>\n<\/ul>\n\n\n\n<hr class=\"wp-block-separator has-alpha-channel-opacity\"\/>\n\n\n\n<ul class=\"wp-block-list\">\n<li><strong>M\u00f3dulo II: el aprendizaje autom\u00e1tico (95 horas)<\/strong>\n<ul class=\"wp-block-list\">\n<li>\u00bfQu\u00e9 es el aprendizaje autom\u00e1tico? \u00bfC\u00f3mo se relaciona con la visi\u00f3n por ordenador?<\/li>\n\n\n\n<li>Principios b\u00e1sicos para entrenar y probar modelos.<\/li>\n\n\n\n<li>Tipos de aprendizaje autom\u00e1tico.\n<ul class=\"wp-block-list\">\n<li>Aprendizaje supervisado: diferencias entre regresi\u00f3n y clasificaci\u00f3n. Estudio de modelos como regresi\u00f3n lineal y log\u00edstica, SVM, \u00e1rboles, Random Forest y KNN.<\/li>\n\n\n\n<li>Aprendizaje no supervisado: estudio de sus caracter\u00edsticas y de los modelos k-means, DBSCAN y clustering.<\/li>\n<\/ul>\n<\/li>\n\n\n\n<li>Deep Learning:\n<ul class=\"wp-block-list\">\n<li>Estructura b\u00e1sica de las redes neuronales artificiales.<\/li>\n\n\n\n<li>Redes neuronales convolucionales (CNNs): impacto en la visi\u00f3n por ordenador y sus aplicaciones en el mundo real.<\/li>\n<\/ul>\n<\/li>\n<\/ul>\n<\/li>\n<\/ul>\n\n\n\n<hr class=\"wp-block-separator has-alpha-channel-opacity\"\/>\n\n\n\n<ul class=\"wp-block-list\">\n<li><strong>M\u00f3dulo III: principales funciones del visionado por ordenador (95 horas)<\/strong>\n<ul class=\"wp-block-list\">\n<li>Extracci\u00f3n de caracter\u00edsticas: c\u00f3mo detectar bordes, esquinas y caracter\u00edsticas en im\u00e1genes. Aplicaciones en el reconocimiento facial.<\/li>\n\n\n\n<li>Detecci\u00f3n y clasificaci\u00f3n de objetos.\n<ul class=\"wp-block-list\">\n<li>Diferencias entre detecci\u00f3n y clasificaci\u00f3n.<\/li>\n\n\n\n<li>Estudio de modelos avanzados como R-CNN y Faster R-CNN.<\/li>\n\n\n\n<li>Aplicaciones en vigilancia y seguridad.<\/li>\n<\/ul>\n<\/li>\n\n\n\n<li>Segmentaci\u00f3n de im\u00e1genes.\n<ul class=\"wp-block-list\">\n<li>Divisi\u00f3n de una imagen en regiones significativas.<\/li>\n\n\n\n<li>Estudio de modelos como Mask R-CNN y U-NET.<\/li>\n\n\n\n<li>Aplicaciones en el etiquetado de p\u00edxeles.<\/li>\n<\/ul>\n<\/li>\n\n\n\n<li>An\u00e1lisis de video y seguimiento de objetos.\n<ul class=\"wp-block-list\">\n<li>Diferencias entre detecci\u00f3n en im\u00e1genes est\u00e1ticas y en secuencias de video.<\/li>\n\n\n\n<li>Estudio de t\u00e9cnicas como DeepSORT y tracker basados en CNNs.<\/li>\n<\/ul>\n<\/li>\n\n\n\n<li>Aplicaciones en el an\u00e1lisis de movimientos (por ejemplo, atletas).<\/li>\n\n\n\n<li>Modelo YOLO. Un enfoque ultrarr\u00e1pido para la detecci\u00f3n de objetos en tiempo real.<\/li>\n<\/ul>\n<\/li>\n<\/ul>\n\n\n\n<hr class=\"wp-block-separator has-alpha-channel-opacity\"\/>\n\n\n\n<ul class=\"wp-block-list\">\n<li><strong>M\u00f3dulo IV: sistemas de visi\u00f3n 3D artificial (95 horas)<\/strong>\n<ul class=\"wp-block-list\">\n<li>Visi\u00f3n 3D vs. 2D: diferencias fundamentales y ventajes del an\u00e1lisis tridimensional.<\/li>\n\n\n\n<li>Captura de datos 3D: t\u00e9cnicas de adquisici\u00f3n y procesamiento.<\/li>\n\n\n\n<li>Representaci\u00f3n y modelado: 3D CNNs, Poisson Surface Reconstruction y Point Cloud Processing.<\/li>\n\n\n\n<li>Aplicaciones a la vida cotidiana: medicina, videojuegos, rob\u00f3tica, \u2026<\/li>\n\n\n\n<li>\u00bfC\u00f3mo se utiliza la visi\u00f3n artificial para fusionar el mundo real y elementos virtuales? Realidad aumentada.<\/li>\n<\/ul>\n<\/li>\n<\/ul>\n\n\n\n<hr class=\"wp-block-separator has-alpha-channel-opacity\"\/>\n\n\n\n<ul class=\"wp-block-list\">\n<li><strong>M\u00f3dulo V: Aplicaciones del visionado por ordenador a la protecci\u00f3n del medio ambiente y la econom\u00eda circular (145 horas)<\/strong>\n<ul class=\"wp-block-list\">\n<li>\u00bfC\u00f3mo ayuda la visi\u00f3n artificial a reducir el impacto ambiental?<\/li>\n\n\n\n<li>Automoci\u00f3n: Veh\u00edculos aut\u00f3nomos, eficiencia energ\u00e9tica y fabricaci\u00f3n sostenible<\/li>\n\n\n\n<li>Alimentaci\u00f3n: Clasificaci\u00f3n de alimentos, detecci\u00f3n de contaminantes y monitoreo de cultivos.<\/li>\n\n\n\n<li>Envases y embalajes: Identificaci\u00f3n de materiales reciclables, clasificaci\u00f3n de residuos y optimizaci\u00f3n del dise\u00f1o de envases.<\/li>\n\n\n\n<li>Electr\u00f3nica: Detecci\u00f3n de fallos, separaci\u00f3n de materiales y gesti\u00f3n de residuos electr\u00f3nicos.<\/li>\n\n\n\n<li>Log\u00edstica e identificaci\u00f3n: Mejora en la trazabilidad, optimizaci\u00f3n de rutas y gesti\u00f3n eficiente del almacenamiento.<\/li>\n<\/ul>\n<\/li>\n<\/ul>\n\n\n\n<hr class=\"wp-block-separator has-alpha-channel-opacity\"\/>\n\n\n\n<div class=\"wp-block-group\"><div class=\"wp-block-group__inner-container is-layout-constrained wp-block-group-is-layout-constrained\">\n<ul class=\"wp-block-list\">\n<li><strong>M\u00f3dulo VI: Ventajas (95 horas)<\/strong>\n<ul class=\"wp-block-list\">\n<li>Importancia de esta tecnolog\u00eda: precisi\u00f3n, calidad, rentabilidad, sostenibilidad y seguridad.<\/li>\n\n\n\n<li>Posicionamiento preciso:\n<ul class=\"wp-block-list\">\n<li>T\u00e9cnicas: detecci\u00f3n de marcadores visuales con c\u00e1mara y sensores en tiempo real.<\/li>\n\n\n\n<li>Aplicaciones en rob\u00f3tica, log\u00edstica y almacenamiento.<\/li>\n<\/ul>\n<\/li>\n<\/ul>\n<\/li>\n<\/ul>\n\n\n\n<ul class=\"wp-block-list\">\n<li><\/li>\n<\/ul>\n<\/div><\/div>\n\n\n\n<ul class=\"wp-block-list\">\n<li>Identificaci\u00f3n de productos y personas:\n<ul class=\"wp-block-list\">\n<li>T\u00e9cnicas: reconocimiento de patrones y formas.<\/li>\n\n\n\n<li>Aplicaciones en reconocimiento facial y de huellas dactilares.<\/li>\n<\/ul>\n<\/li>\n<\/ul>\n\n\n\n<ul class=\"wp-block-list\">\n<li>Verificaci\u00f3n de calidad y cumplimiento de normas:\n<ul class=\"wp-block-list\">\n<li>T\u00e9cnicas: comparaci\u00f3n con modelos de referencia y an\u00e1lisis de diferencias.<\/li>\n\n\n\n<li>Aplicaciones en control de producci\u00f3n y sistemas de seguridad.<\/li>\n<\/ul>\n<\/li>\n<\/ul>\n\n\n\n<ul class=\"wp-block-list\">\n<li>Medici\u00f3n precisa:\n<ul class=\"wp-block-list\">\n<li>T\u00e9cnicas: fotogrametr\u00eda, visi\u00f3n est\u00e9reo y sensores de profundidad.<\/li>\n\n\n\n<li>Aplicaciones en control de calidad, medici\u00f3n de movimiento y velocidad en v\u00eddeo.<\/li>\n<\/ul>\n<\/li>\n<\/ul>\n\n\n\n<ul class=\"wp-block-list\">\n<li>Detecci\u00f3n de defectos&nbsp;en productos y personas:\n<ul class=\"wp-block-list\">\n<li>T\u00e9cnicas: an\u00e1lisis de patrones y texturas.<\/li>\n\n\n\n<li>Aplicaciones en control de fabricaci\u00f3n y detecci\u00f3n de anomal\u00edas m\u00e9dicas.<\/li>\n<\/ul>\n<\/li>\n<\/ul>\n\n\n\n<ul class=\"wp-block-list\">\n<li>Soluciones de visi\u00f3n:\n<ul class=\"wp-block-list\">\n<li>T\u00e9cnicas: c\u00e1maras y sensores especializados.<\/li>\n\n\n\n<li>Aplicaciones en dispositivos m\u00e9dicos y automatizaci\u00f3n de procesos.<\/li>\n<\/ul>\n<\/li>\n<\/ul>\n","protected":false},"excerpt":{"rendered":"<p>Revolucion-artificial-visionado-por-ordenador El proyecto&nbsp;\u00abVisi\u00f3n artificial: de las im\u00e1genes a los datos\u00bb&nbsp;es pionero en el desarrollo del del aprendizaje al estar fundamentado en la metodolog\u00eda innovadora DLA (Departamentos laborales en el aula) y tiene como objetivo principal garantizar el acceso al mercado laboral del sector TIC a los colectivos en riesgo de exclusi\u00f3n social causado por diferentes &hellip; <\/p>\n<p class=\"link-more\"><a href=\"https:\/\/franklin-nanclares.net\/index.php\/revolucion-artificial-visionado-por-ordenador\/\" class=\"more-link\">Continuar leyendo<span class=\"screen-reader-text\"> \u00abVision Artificial &#8211; Formaci\u00f3n en la revolucion IA.\u00bb<\/span><\/a><\/p>\n","protected":false},"author":1,"featured_media":0,"parent":0,"menu_order":0,"comment_status":"closed","ping_status":"closed","template":"","meta":{"footnotes":""},"class_list":["post-1451","page","type-page","status-publish","hentry"],"_links":{"self":[{"href":"https:\/\/franklin-nanclares.net\/index.php\/wp-json\/wp\/v2\/pages\/1451","targetHints":{"allow":["GET"]}}],"collection":[{"href":"https:\/\/franklin-nanclares.net\/index.php\/wp-json\/wp\/v2\/pages"}],"about":[{"href":"https:\/\/franklin-nanclares.net\/index.php\/wp-json\/wp\/v2\/types\/page"}],"author":[{"embeddable":true,"href":"https:\/\/franklin-nanclares.net\/index.php\/wp-json\/wp\/v2\/users\/1"}],"replies":[{"embeddable":true,"href":"https:\/\/franklin-nanclares.net\/index.php\/wp-json\/wp\/v2\/comments?post=1451"}],"version-history":[{"count":3,"href":"https:\/\/franklin-nanclares.net\/index.php\/wp-json\/wp\/v2\/pages\/1451\/revisions"}],"predecessor-version":[{"id":1459,"href":"https:\/\/franklin-nanclares.net\/index.php\/wp-json\/wp\/v2\/pages\/1451\/revisions\/1459"}],"wp:attachment":[{"href":"https:\/\/franklin-nanclares.net\/index.php\/wp-json\/wp\/v2\/media?parent=1451"}],"curies":[{"name":"wp","href":"https:\/\/api.w.org\/{rel}","templated":true}]}}